{"id":368,"date":"2023-10-17T12:04:34","date_gmt":"2023-10-17T10:04:34","guid":{"rendered":"https:\/\/akelyandco.com\/?page_id=368"},"modified":"2023-10-18T14:16:16","modified_gmt":"2023-10-18T12:16:16","slug":"mentions-legales","status":"publish","type":"page","link":"https:\/\/akelyandco.com\/index.php\/mentions-legales\/","title":{"rendered":"Mentions l\u00e9gales"},"content":{"rendered":"<p>[et_pb_section fb_built=\u00a0\u00bb1&Prime; admin_label=\u00a0\u00bbNotre histoire\u00a0\u00bb _builder_version=\u00a0\u00bb4.22.2&Prime; _module_preset=\u00a0\u00bbdefault\u00a0\u00bb custom_padding=\u00a0\u00bb0px||0px||true|false\u00a0\u00bb hover_enabled=\u00a0\u00bb0&Prime; global_colors_info=\u00a0\u00bb{}\u00a0\u00bb theme_builder_area=\u00a0\u00bbpost_content\u00a0\u00bb background_color=\u00a0\u00bbRGBA(255,255,255,0)\u00a0\u00bb sticky_enabled=\u00a0\u00bb0&Prime;][et_pb_row use_custom_gutter=\u00a0\u00bbon\u00a0\u00bb gutter_width=\u00a0\u00bb1&Prime; _builder_version=\u00a0\u00bb4.22.2&Prime; _module_preset=\u00a0\u00bbdefault\u00a0\u00bb hover_enabled=\u00a0\u00bb0&Prime; global_colors_info=\u00a0\u00bb{}\u00a0\u00bb theme_builder_area=\u00a0\u00bbpost_content\u00a0\u00bb sticky_enabled=\u00a0\u00bb0&Prime;][et_pb_column type=\u00a0\u00bb4_4&Prime; _builder_version=\u00a0\u00bb4.22.2&Prime; _module_preset=\u00a0\u00bbdefault\u00a0\u00bb custom_padding=\u00a0\u00bb2%||5%||false|false\u00a0\u00bb global_colors_info=\u00a0\u00bb{}\u00a0\u00bb theme_builder_area=\u00a0\u00bbpost_content\u00a0\u00bb][et_pb_text _builder_version=\u00a0\u00bb4.22.2&Prime; _module_preset=\u00a0\u00bb7262e956-c376-4aa6-9642-c413f71527d0&Prime; text_line_height=\u00a0\u00bb1.8em\u00a0\u00bb hover_enabled=\u00a0\u00bb0&Prime; text_font_size_tablet=\u00a0\u00bb\u00a0\u00bb text_font_size_phone=\u00a0\u00bb13px\u00a0\u00bb text_font_size_last_edited=\u00a0\u00bbon|phone\u00a0\u00bb header_font_size_tablet=\u00a0\u00bb55px\u00a0\u00bb header_font_size_last_edited=\u00a0\u00bboff|desktop\u00a0\u00bb locked=\u00a0\u00bboff\u00a0\u00bb global_colors_info=\u00a0\u00bb{}\u00a0\u00bb theme_builder_area=\u00a0\u00bbpost_content\u00a0\u00bb sticky_enabled=\u00a0\u00bb0&Prime;]<\/p>\n<h1 style=\"text-align: center;\"><strong><br \/>Mentions l\u00e9gales<\/strong><\/h1>\n<p>&nbsp;<\/p>\n<p>Conform\u00e9ment aux dispositions de la loi n\u00b0 2004-575 du 21 juin 2004 pour la confiance en l&rsquo;\u00e9conomie num\u00e9rique, il est pr\u00e9cis\u00e9 aux utilisateurs du site Akely &amp; Co l&rsquo;identit\u00e9 des diff\u00e9rents intervenants dans le cadre de sa r\u00e9alisation et de son suivi.<\/p>\n<h2><strong><span style=\"font-size: xx-large;\">\u00c9diteur du site<\/span>\u00a0<\/strong><\/h2>\n<p>D\u00e9nomination sociale\u00a0: SARL Akely &amp; Co<br \/>Capital social\u00a0: 5 000 \u20ac<br \/>RCS\u00a0: RCS LYON 953862695 00012<br \/>Si\u00e8ge social\u00a0: 12 rue de la Part Dieu 69003 Lyon<br \/>Code APE\u00a0: 7410Z<br \/>N\u00b0 TVA\u00a0: FR21953862695<br \/>Nom des codirectrices de publication\u00a0: Estelle Courbon et Alexandra Legros<\/p>\n<h2><span style=\"font-size: xx-large;\"><strong>H\u00e9bergement<\/strong><\/span><\/h2>\n<p>Le Site est h\u00e9berg\u00e9 par la soci\u00e9t\u00e9 OVH SAS, situ\u00e9 2 rue Kellermann &#8211; BP 80157 &#8211; 59053 Roubaix Cedex 1, (contact t\u00e9l\u00e9phonique ou email : 1007) RCS Lille M\u00e9tropole 424 761 419 00045.<\/p>\n<h2><span style=\"font-size: xx-large;\"><strong>Propri\u00e9t\u00e9 intellectuelle<\/strong><\/span><\/h2>\n<p><strong>\u200d<\/strong>Les photographies et textes sont la propri\u00e9t\u00e9 de l\u2019\u00e9diteur du site ou de tiers ayant autoris\u00e9 l\u2019\u00e9diteur du site \u00e0 les utiliser. Toute reproduction totale ou partielle de ces \u00e9l\u00e9ments sans l\u2019autorisation expresse de l\u2019exploitant du site Internet ou de ses ayants-droits est prohib\u00e9e, au sens de l\u2019article L713-2 du CPI.<\/p>\n<h2><span style=\"font-size: xx-large;\"><strong>Traitement des donn\u00e9es<\/strong><\/span><\/h2>\n<p><strong>\u200d<\/strong>Les donn\u00e9es que vous nous confiez dans le cadre de l\u2019utilisation du formulaire sont trait\u00e9es par Akely &amp; Co \u00e0 des fins de communication. Aucune donn\u00e9e ne sera transmise \u00e0 un tier.<\/p>\n<h2><span style=\"font-size: xx-large;\"><strong>Nous contacter\u00a0<\/strong><\/span><\/h2>\n<p>Par email\u00a0: <a href=\"mailto:contact@akelyandco.com\">contact@akelyandco.com<\/a><br \/>Par courrier\u00a0: 12 rue de la Part Dieu 69003 Lyon<\/p>\n<p>[\/et_pb_text][\/et_pb_column][\/et_pb_row][\/et_pb_section]<\/p>\n","protected":false},"excerpt":{"rendered":"<p>Mentions l\u00e9gales &nbsp; Conform\u00e9ment aux dispositions de la loi n\u00b0 2004-575 du 21 juin 2004 pour la confiance en l&rsquo;\u00e9conomie num\u00e9rique, il est pr\u00e9cis\u00e9 aux utilisateurs du site Akely &amp; Co l&rsquo;identit\u00e9 des diff\u00e9rents intervenants dans le cadre de sa r\u00e9alisation et de son suivi. \u00c9diteur du site\u00a0 D\u00e9nomination sociale\u00a0: SARL Akely &amp; CoCapital social\u00a0: [&hellip;]<\/p>\n","protected":false},"author":1,"featured_media":0,"parent":0,"menu_order":0,"comment_status":"closed","ping_status":"closed","template":"","meta":{"_et_pb_use_builder":"on","_et_pb_old_content":"","_et_gb_content_width":"","footnotes":""},"class_list":["post-368","page","type-page","status-publish","hentry"],"_links":{"self":[{"href":"https:\/\/akelyandco.com\/index.php\/wp-json\/wp\/v2\/pages\/368","targetHints":{"allow":["GET"]}}],"collection":[{"href":"https:\/\/akelyandco.com\/index.php\/wp-json\/wp\/v2\/pages"}],"about":[{"href":"https:\/\/akelyandco.com\/index.php\/wp-json\/wp\/v2\/types\/page"}],"author":[{"embeddable":true,"href":"https:\/\/akelyandco.com\/index.php\/wp-json\/wp\/v2\/users\/1"}],"replies":[{"embeddable":true,"href":"https:\/\/akelyandco.com\/index.php\/wp-json\/wp\/v2\/comments?post=368"}],"version-history":[{"count":2,"href":"https:\/\/akelyandco.com\/index.php\/wp-json\/wp\/v2\/pages\/368\/revisions"}],"predecessor-version":[{"id":372,"href":"https:\/\/akelyandco.com\/index.php\/wp-json\/wp\/v2\/pages\/368\/revisions\/372"}],"wp:attachment":[{"href":"https:\/\/akelyandco.com\/index.php\/wp-json\/wp\/v2\/media?parent=368"}],"curies":[{"name":"wp","href":"https:\/\/api.w.org\/{rel}","templated":true}]}}